{"id":2521,"date":"2025-03-30T20:38:23","date_gmt":"2025-03-30T20:38:23","guid":{"rendered":"https:\/\/www.igoridenis.hr\/?post_type=product&#038;p=2521"},"modified":"2025-03-31T09:33:25","modified_gmt":"2025-03-31T09:33:25","slug":"renault-trafic-1-6-dciauto-kosaratime-france11m2018gleasing","status":"publish","type":"product","link":"https:\/\/www.igoridenis.hr\/en\/trgovina-2\/renault-trafic-1-6-dciauto-kosaratime-france11m2018gleasing\/","title":{"rendered":"Renault Trafic 1.6 DCI*Auto ko\u0161ara*TIME FRANCE*11M*2018G*LEASING"},"content":{"rendered":"<p>B kategorija.<\/p>\n<p>LEASING\/KREDITI<br \/>\nATESTI<\/p>\n<p>*Radna platforma s dizalicom montirana je na kombi po mjeri, \u0161to je \u010dini jednim od najkompaktnijih proizvoda na tr\u017ei\u0161tu i optimiziranih za urbanu uporabu.<\/p>\n<p>Optimalan proizvod za telekomunikacijske i elektri\u010dne tvrtke, kao i za gradska komunalna poduze\u0107a i li\u010dila\u010dke tvrtke.<\/p>\n<p>Proizvo\u0111a\u010d: TIME FRANCE<br \/>\nTip: 90<br \/>\nGodina proizvodnje. 2018<br \/>\nRadnih sati: 1009.1H<\/p>\n<p>CIJENA VOZILA + PDV<\/p>\n<p>Svaki stroj ima svoj video, kako bi kupcima sto bolje pribli\u017eili stanje proizvoda. Svaki stroj je provjeren, te jam\u010dimo kvalitetu.<\/p>\n<p>Na\u0161 video kako plarforma radi:<\/p>\n<p>\u2757\ufe0fRezervacija mogu\u0107a isklju\u010divo uz uplatu kapare &#8211; ne odgovaramo ako se vozilo proda, a vozilo niste rezervirali uz kaparu.<\/p>\n<p>Sve na\u0161e nove kupce i poslovne partnere mozete naci na FACEBOOK STRANICI s na\u0161im strojevima.<\/p>\n<p>IGOR &amp; DENIS Va\u0161 pouzdan partner.<\/p>\n<p>&nbsp;<\/p>","protected":false},"excerpt":{"rendered":"<ul>\n<li>Radna visina: 11m<\/li>\n<li>Nosivost ko\u0161are: 120 KG<\/li>\n<li>Basket dimensions: 1.0 x 0.7 m<\/li>\n<li>Superstructure rotation: 320 \u00b0<\/li>\n<li>Truck width: 2.2 m<\/li>\n<li>Machine length 5.70 m<\/li>\n<li>Visina stroja 2,60m<\/li>\n<li>Machine weight 3,300 kg<\/li>\n<\/ul>","protected":false},"featured_media":2522,"comment_status":"open","ping_status":"closed","template":"","meta":{"_acf_changed":false},"product_brand":[],"product_cat":[105,108],"product_tag":[],"class_list":{"0":"post-2521","1":"product","2":"type-product","3":"status-publish","4":"has-post-thumbnail","6":"product_cat-auto-kosare","7":"product_cat-prodaja","9":"first","10":"instock","11":"shipping-taxable","12":"purchasable","13":"product-type-simple"},"acf":[],"_links":{"self":[{"href":"https:\/\/www.igoridenis.hr\/en\/wp-json\/wp\/v2\/product\/2521","targetHints":{"allow":["GET"]}}],"collection":[{"href":"https:\/\/www.igoridenis.hr\/en\/wp-json\/wp\/v2\/product"}],"about":[{"href":"https:\/\/www.igoridenis.hr\/en\/wp-json\/wp\/v2\/types\/product"}],"replies":[{"embeddable":true,"href":"https:\/\/www.igoridenis.hr\/en\/wp-json\/wp\/v2\/comments?post=2521"}],"wp:featuredmedia":[{"embeddable":true,"href":"https:\/\/www.igoridenis.hr\/en\/wp-json\/wp\/v2\/media\/2522"}],"wp:attachment":[{"href":"https:\/\/www.igoridenis.hr\/en\/wp-json\/wp\/v2\/media?parent=2521"}],"wp:term":[{"taxonomy":"product_brand","embeddable":true,"href":"https:\/\/www.igoridenis.hr\/en\/wp-json\/wp\/v2\/product_brand?post=2521"},{"taxonomy":"product_cat","embeddable":true,"href":"https:\/\/www.igoridenis.hr\/en\/wp-json\/wp\/v2\/product_cat?post=2521"},{"taxonomy":"product_tag","embeddable":true,"href":"https:\/\/www.igoridenis.hr\/en\/wp-json\/wp\/v2\/product_tag?post=2521"}],"curies":[{"name":"wp","href":"https:\/\/api.w.org\/{rel}","templated":true}]}}